{"id":1718,"date":"2016-04-08T14:35:36","date_gmt":"2016-04-08T13:35:36","guid":{"rendered":"http:\/\/jfdaber.com\/daber1516\/?page_id=1718&#038;lang=en"},"modified":"2017-06-16T11:04:18","modified_gmt":"2017-06-16T10:04:18","slug":"would-you-like-to-organize-an-event-at-your-place","status":"publish","type":"page","link":"https:\/\/www.jfdaber.com\/en\/would-you-like-to-organize-an-event-at-your-place\/","title":{"rendered":"Would you like to organize an event at your place ?"},"content":{"rendered":"<ul class=\"g1-grid\"><li class=\"g1-column g1-one-half g1-valign-top\" id=\"g1-grid-counter-0\" >\n<p>We travel over the year to many different countries. Should you like to organize an event<\/p>\n<h2>Should you like to organize an event<\/h2>\n<p>Vous pouvez nous demander de venir \u00e0 votre rencontre ou bien de r\u00e9aliser une conf\u00e9rence sur l\u2019archet et le son ou nous solliciter dans le cadre d\u2019un projet.<\/p>\n\n<div class=\"wpcf7 no-js\" id=\"wpcf7-f2037-o1\" lang=\"fr-FR\" dir=\"ltr\" data-wpcf7-id=\"2037\">\n<div class=\"screen-reader-response\"><p role=\"status\" aria-live=\"polite\" aria-atomic=\"true\"><\/p> <ul><\/ul><\/div>\n<form action=\"\/en\/wp-json\/wp\/v2\/pages\/1718#wpcf7-f2037-o1\" method=\"post\" class=\"wpcf7-form init\" aria-label=\"Formulaire de contact\" novalidate=\"novalidate\" data-status=\"init\">\n<fieldset class=\"hidden-fields-container\"><input type=\"hidden\" name=\"_wpcf7\" value=\"2037\" \/><input type=\"hidden\" name=\"_wpcf7_version\" value=\"6.1\" \/><input type=\"hidden\" name=\"_wpcf7_locale\" value=\"fr_FR\" \/><input type=\"hidden\" name=\"_wpcf7_unit_tag\" value=\"wpcf7-f2037-o1\" \/><input type=\"hidden\" name=\"_wpcf7_container_post\" value=\"0\" \/><input type=\"hidden\" name=\"_wpcf7_posted_data_hash\" value=\"\" \/>\n<\/fieldset>\n<p>Your name (required)\n<\/p>\n<p><span class=\"wpcf7-form-control-wrap\" data-name=\"your-name\"><input size=\"40\" maxlength=\"400\" class=\"wpcf7-form-control wpcf7-text wpcf7-validates-as-required\" aria-required=\"true\" aria-invalid=\"false\" value=\"\" type=\"text\" name=\"your-name\" \/><\/span>\n<\/p>\n<p>Your email (required)\n<\/p>\n<p><span class=\"wpcf7-form-control-wrap\" data-name=\"your-email\"><input size=\"40\" maxlength=\"400\" class=\"wpcf7-form-control wpcf7-email wpcf7-validates-as-required wpcf7-text wpcf7-validates-as-email\" aria-required=\"true\" aria-invalid=\"false\" value=\"\" type=\"email\" name=\"your-email\" \/><\/span>\n<\/p>\n<p>Event proposed\n<\/p>\n<p><span class=\"wpcf7-form-control-wrap\" data-name=\"your-subject\"><input size=\"40\" maxlength=\"400\" class=\"wpcf7-form-control wpcf7-text\" aria-invalid=\"false\" value=\"\" type=\"text\" name=\"your-subject\" \/><\/span>\n<\/p>\n<p>Your message\n<\/p>\n<p><span class=\"wpcf7-form-control-wrap\" data-name=\"your-message\"><textarea cols=\"40\" rows=\"10\" maxlength=\"2000\" class=\"wpcf7-form-control wpcf7-textarea\" aria-invalid=\"false\" name=\"your-message\"><\/textarea><\/span>\n<\/p>\n<p><div id=\"cf7sr-69ec14d6efa7c\" class=\"cf7sr-g-recaptcha\" data-theme=\"light\" data-type=\"image\" data-size=\"normal\" data-sitekey=\"6LcfICITAAAAAKC5rm3PrTUlviGnDPOjxx2uvcjY\"><\/div><span class=\"wpcf7-form-control-wrap cf7sr-recaptcha\" data-name=\"cf7sr-recaptcha\"><input type=\"hidden\" name=\"cf7sr-recaptcha\" value=\"\" class=\"wpcf7-form-control\"><\/span>\n<\/p>\n<p><input class=\"wpcf7-form-control wpcf7-submit has-spinner\" type=\"submit\" value=\"Submit\" \/>\n<\/p><p style=\"display: none !important;\" class=\"akismet-fields-container\" data-prefix=\"_wpcf7_ak_\"><label>&#916;<textarea name=\"_wpcf7_ak_hp_textarea\" cols=\"45\" rows=\"8\" maxlength=\"100\"><\/textarea><\/label><input type=\"hidden\" id=\"ak_js_1\" name=\"_wpcf7_ak_js\" value=\"58\"\/><script>document.getElementById( \"ak_js_1\" ).setAttribute( \"value\", ( new Date() ).getTime() );<\/script><\/p><div class=\"wpcf7-response-output\" aria-hidden=\"true\"><\/div>\n<\/form>\n<\/div>\n\n<\/li><!-- --><li class=\"g1-column g1-one-half g1-valign-top\" id=\"g1-grid-counter-1\" ><br \/>\n<\/li><!-- --><\/ul>\n<div id=\"g1-divider-counter-1\" class=\"g1-divider g1-type-classic-2\"><\/div>\n","protected":false},"excerpt":{"rendered":"","protected":false},"author":1,"featured_media":0,"parent":0,"menu_order":0,"comment_status":"closed","ping_status":"closed","template":"","meta":{"footnotes":""},"class_list":["post-1718","page","type-page","status-publish","hentry"],"yoast_head":"<!-- This site is optimized with the Yoast SEO plugin v25.5 - https:\/\/yoast.com\/wordpress\/plugins\/seo\/ -->\n<title>Would you like to organize an event with JF Daber?<\/title>\n<meta name=\"description\" content=\"We constantly travel to different countries all over the year, visiting conservatory schools and attending musical events, let&#039;s meet!\" \/>\n<meta name=\"robots\" content=\"index, follow, max-snippet:-1, max-image-preview:large, max-video-preview:-1\" \/>\n<link rel=\"canonical\" href=\"https:\/\/www.jfdaber.com\/en\/would-you-like-to-organize-an-event-at-your-place\/\" \/>\n<meta property=\"og:locale\" content=\"en_US\" \/>\n<meta property=\"og:type\" content=\"article\" \/>\n<meta property=\"og:title\" content=\"Would you like to organize an event with JF Daber?\" \/>\n<meta property=\"og:description\" content=\"We constantly travel to different countries all over the year, visiting conservatory schools and attending musical events, let&#039;s meet!\" \/>\n<meta property=\"og:url\" content=\"https:\/\/www.jfdaber.com\/en\/would-you-like-to-organize-an-event-at-your-place\/\" \/>\n<meta property=\"og:site_name\" content=\"Jean-Fran\u00e7ois Daber\" \/>\n<meta property=\"article:publisher\" content=\"https:\/\/www.facebook.com\/jfdaber\" \/>\n<meta property=\"article:modified_time\" content=\"2017-06-16T10:04:18+00:00\" \/>\n<meta name=\"twitter:card\" content=\"summary_large_image\" \/>\n<script type=\"application\/ld+json\" class=\"yoast-schema-graph\">{\"@context\":\"https:\/\/schema.org\",\"@graph\":[{\"@type\":\"WebPage\",\"@id\":\"https:\/\/www.jfdaber.com\/en\/would-you-like-to-organize-an-event-at-your-place\/\",\"url\":\"https:\/\/www.jfdaber.com\/en\/would-you-like-to-organize-an-event-at-your-place\/\",\"name\":\"Would you like to organize an event with JF Daber?\",\"isPartOf\":{\"@id\":\"https:\/\/www.jfdaber.com\/#website\"},\"datePublished\":\"2016-04-08T13:35:36+00:00\",\"dateModified\":\"2017-06-16T10:04:18+00:00\",\"description\":\"We constantly travel to different countries all over the year, visiting conservatory schools and attending musical events, let's meet!\",\"breadcrumb\":{\"@id\":\"https:\/\/www.jfdaber.com\/en\/would-you-like-to-organize-an-event-at-your-place\/#breadcrumb\"},\"inLanguage\":\"en-US\",\"potentialAction\":[{\"@type\":\"ReadAction\",\"target\":[\"https:\/\/www.jfdaber.com\/en\/would-you-like-to-organize-an-event-at-your-place\/\"]}]},{\"@type\":\"BreadcrumbList\",\"@id\":\"https:\/\/www.jfdaber.com\/en\/would-you-like-to-organize-an-event-at-your-place\/#breadcrumb\",\"itemListElement\":[{\"@type\":\"ListItem\",\"position\":1,\"name\":\"Accueil\",\"item\":\"https:\/\/www.jfdaber.com\/en\/\"},{\"@type\":\"ListItem\",\"position\":2,\"name\":\"Would you like to organize an event at your place ?\"}]},{\"@type\":\"WebSite\",\"@id\":\"https:\/\/www.jfdaber.com\/#website\",\"url\":\"https:\/\/www.jfdaber.com\/\",\"name\":\"Jean-Fran\u00e7ois Daber\",\"description\":\"La qu\u00eate du son\",\"publisher\":{\"@id\":\"https:\/\/www.jfdaber.com\/#organization\"},\"potentialAction\":[{\"@type\":\"SearchAction\",\"target\":{\"@type\":\"EntryPoint\",\"urlTemplate\":\"https:\/\/www.jfdaber.com\/?s={search_term_string}\"},\"query-input\":{\"@type\":\"PropertyValueSpecification\",\"valueRequired\":true,\"valueName\":\"search_term_string\"}}],\"inLanguage\":\"en-US\"},{\"@type\":\"Organization\",\"@id\":\"https:\/\/www.jfdaber.com\/#organization\",\"name\":\"Jean-Fran\u00e7ois Daber\",\"url\":\"https:\/\/www.jfdaber.com\/\",\"logo\":{\"@type\":\"ImageObject\",\"inLanguage\":\"en-US\",\"@id\":\"https:\/\/www.jfdaber.com\/#\/schema\/logo\/image\/\",\"url\":\"https:\/\/www.jfdaber.com\/wp-content\/uploads\/2016\/06\/logo_daber_deskop.png\",\"contentUrl\":\"https:\/\/www.jfdaber.com\/wp-content\/uploads\/2016\/06\/logo_daber_deskop.png\",\"width\":600,\"height\":154,\"caption\":\"Jean-Fran\u00e7ois Daber\"},\"image\":{\"@id\":\"https:\/\/www.jfdaber.com\/#\/schema\/logo\/image\/\"},\"sameAs\":[\"https:\/\/www.facebook.com\/jfdaber\"]}]}<\/script>\n<!-- \/ Yoast SEO plugin. -->","yoast_head_json":{"title":"Would you like to organize an event with JF Daber?","description":"We constantly travel to different countries all over the year, visiting conservatory schools and attending musical events, let's meet!","robots":{"index":"index","follow":"follow","max-snippet":"max-snippet:-1","max-image-preview":"max-image-preview:large","max-video-preview":"max-video-preview:-1"},"canonical":"https:\/\/www.jfdaber.com\/en\/would-you-like-to-organize-an-event-at-your-place\/","og_locale":"en_US","og_type":"article","og_title":"Would you like to organize an event with JF Daber?","og_description":"We constantly travel to different countries all over the year, visiting conservatory schools and attending musical events, let's meet!","og_url":"https:\/\/www.jfdaber.com\/en\/would-you-like-to-organize-an-event-at-your-place\/","og_site_name":"Jean-Fran\u00e7ois Daber","article_publisher":"https:\/\/www.facebook.com\/jfdaber","article_modified_time":"2017-06-16T10:04:18+00:00","twitter_card":"summary_large_image","schema":{"@context":"https:\/\/schema.org","@graph":[{"@type":"WebPage","@id":"https:\/\/www.jfdaber.com\/en\/would-you-like-to-organize-an-event-at-your-place\/","url":"https:\/\/www.jfdaber.com\/en\/would-you-like-to-organize-an-event-at-your-place\/","name":"Would you like to organize an event with JF Daber?","isPartOf":{"@id":"https:\/\/www.jfdaber.com\/#website"},"datePublished":"2016-04-08T13:35:36+00:00","dateModified":"2017-06-16T10:04:18+00:00","description":"We constantly travel to different countries all over the year, visiting conservatory schools and attending musical events, let's meet!","breadcrumb":{"@id":"https:\/\/www.jfdaber.com\/en\/would-you-like-to-organize-an-event-at-your-place\/#breadcrumb"},"inLanguage":"en-US","potentialAction":[{"@type":"ReadAction","target":["https:\/\/www.jfdaber.com\/en\/would-you-like-to-organize-an-event-at-your-place\/"]}]},{"@type":"BreadcrumbList","@id":"https:\/\/www.jfdaber.com\/en\/would-you-like-to-organize-an-event-at-your-place\/#breadcrumb","itemListElement":[{"@type":"ListItem","position":1,"name":"Accueil","item":"https:\/\/www.jfdaber.com\/en\/"},{"@type":"ListItem","position":2,"name":"Would you like to organize an event at your place ?"}]},{"@type":"WebSite","@id":"https:\/\/www.jfdaber.com\/#website","url":"https:\/\/www.jfdaber.com\/","name":"Jean-Fran\u00e7ois Daber","description":"La qu\u00eate du son","publisher":{"@id":"https:\/\/www.jfdaber.com\/#organization"},"potentialAction":[{"@type":"SearchAction","target":{"@type":"EntryPoint","urlTemplate":"https:\/\/www.jfdaber.com\/?s={search_term_string}"},"query-input":{"@type":"PropertyValueSpecification","valueRequired":true,"valueName":"search_term_string"}}],"inLanguage":"en-US"},{"@type":"Organization","@id":"https:\/\/www.jfdaber.com\/#organization","name":"Jean-Fran\u00e7ois Daber","url":"https:\/\/www.jfdaber.com\/","logo":{"@type":"ImageObject","inLanguage":"en-US","@id":"https:\/\/www.jfdaber.com\/#\/schema\/logo\/image\/","url":"https:\/\/www.jfdaber.com\/wp-content\/uploads\/2016\/06\/logo_daber_deskop.png","contentUrl":"https:\/\/www.jfdaber.com\/wp-content\/uploads\/2016\/06\/logo_daber_deskop.png","width":600,"height":154,"caption":"Jean-Fran\u00e7ois Daber"},"image":{"@id":"https:\/\/www.jfdaber.com\/#\/schema\/logo\/image\/"},"sameAs":["https:\/\/www.facebook.com\/jfdaber"]}]}},"_links":{"self":[{"href":"https:\/\/www.jfdaber.com\/en\/wp-json\/wp\/v2\/pages\/1718","targetHints":{"allow":["GET"]}}],"collection":[{"href":"https:\/\/www.jfdaber.com\/en\/wp-json\/wp\/v2\/pages"}],"about":[{"href":"https:\/\/www.jfdaber.com\/en\/wp-json\/wp\/v2\/types\/page"}],"author":[{"embeddable":true,"href":"https:\/\/www.jfdaber.com\/en\/wp-json\/wp\/v2\/users\/1"}],"replies":[{"embeddable":true,"href":"https:\/\/www.jfdaber.com\/en\/wp-json\/wp\/v2\/comments?post=1718"}],"version-history":[{"count":5,"href":"https:\/\/www.jfdaber.com\/en\/wp-json\/wp\/v2\/pages\/1718\/revisions"}],"predecessor-version":[{"id":2327,"href":"https:\/\/www.jfdaber.com\/en\/wp-json\/wp\/v2\/pages\/1718\/revisions\/2327"}],"wp:attachment":[{"href":"https:\/\/www.jfdaber.com\/en\/wp-json\/wp\/v2\/media?parent=1718"}],"curies":[{"name":"wp","href":"https:\/\/api.w.org\/{rel}","templated":true}]}}