{"id":2049,"date":"2016-06-14T15:18:56","date_gmt":"2016-06-14T14:18:56","guid":{"rendered":"https:\/\/www.jfdaber.com\/zh-hans\/?page_id=2049"},"modified":"2016-10-20T21:33:09","modified_gmt":"2016-10-20T20:33:09","slug":"history","status":"publish","type":"page","link":"https:\/\/www.jfdaber.com\/zh-hans\/history\/","title":{"rendered":"\u5236\u5f13\u574a\u548c\u5b83\u7684\u5386\u53f2"},"content":{"rendered":"<ul class=\"g1-grid\"><li class=\"g1-column g1-two-third g1-valign-top\" id=\"g1-grid-counter-0\" ><\/li><!-- --><\/ul>\n<ul class=\"g1-grid\"><li class=\"g1-column g1-one-fourth g1-valign-top\" id=\"g1-grid-counter-0\" >\n<h2>\u2014 \u59cb\u4e8e 1981<\/h2>\n<\/li><!-- --><li class=\"g1-column g1-three-fourth g1-valign-top\" id=\"g1-grid-counter-1\" >\n<p>Jean-Francois Daber \u516c\u53f8\u7531\u5236\u7434\u5927\u5e08Jean Schimitt\u4e8e1981\u5e74\u521b\u5efa\u3002\u53d1\u5c55\u81f3\u4eca\u7684\u5236\u5f13\u574a\u5df2\u6210\u4e3a\u5168\u4e16\u754c\u6cd5\u56fd\u9ad8\u6863\u7434\u5f13\u7684\u8ba4\u8bc1\u53c2\u8003\u3002<br \/>\n\u6211\u4eec\u7684\u804c\u8d23\u662f\u5e2e\u52a9\u97f3\u4e50\u5bb6\u4eec\u901a\u8fc7\u7434\u5f13\u8ba9\u4e50\u5668\u53d1\u51fa\u6700\u597d\u7684\u58f0\u5b66\u6f5c\u529b \uff0c\u4ece\u800c\u4ea7\u751f\u7406\u60f3\u8c61\u4e2d\u7684 \u58f0\u97f3\u3002\u6211\u4eec\u8ddf\u97f3\u4e50\u5bb6\u4eec\u4e00\u8d77\uff0c\u7814\u7a76\u58f0\u97f3\uff0c\u8eab\u4f53\u548c\u7434\u5f13\u4e09\u8005\u4e4b\u95f4\u7684\u5173\u7cfb\uff0c\u6211\u4eec\u7684\u76ee\u7684\u662f\u66f4\u597d\u7684\u7406\u89e3\u548c\u638c\u63a7\u58f0\u97f3\u548c\u53d1\u58f0\u673a\u5236\uff0c\u8ba9\u6211\u4eec\u7684\u7434\u5f13\u6027\u80fd\u8fbe\u5230\u6700\u597d\u3002<\/p>\n<\/li><!-- --><\/ul>\n<ul class=\"g1-grid\"><li class=\"g1-column g1-one-fourth g1-valign-top\" id=\"g1-grid-counter-0\" >\n<\/li><!-- --><li class=\"g1-column g1-three-fourth g1-valign-top\" id=\"g1-grid-counter-1\" >\n<h3 style=\"margin-top: 25px;\">\u4e8c\u5341\u4e16\u7eaa\u6211\u4eec\u7684\u5236\u5f13\u5e08\u548c\u5236\u5f13\u574a<\/h3>\n<span id=\"g1-frame-counter-1\" class=\"g1-frame g1-type-geometric-5\">\n\t<span class=\"g1-decorator\">\n\t\t<span class=\"g1-outer\">\n\t\t\t<span class=\"g1-inner\">\n\t\t\t\t\n<p><div id=\"g1-fluid-wrapper-counter-1\" class=\"g1-fluid-wrapper\" style=\"width:686px;\"><div style=\"padding-bottom:56.268221574344%;\"><iframe loading=\"lazy\" width=\"686\" height=\"386\" src=\"https:\/\/www.youtube.com\/embed\/hl7yqNmvySs?feature=oembed&#038;autohide=2&#038;autoplay=0&#038;controls=1&#038;disablekb=0&#038;fs=1&#038;loop=0&#038;rel=0&#038;showinfo=0&#038;wmode=transparent&#038;enablejsapi=1\" frameborder=\"0\" allowfullscreen><\/iframe><\/div><\/div><\/p>\n\n\t\t\t\t<span class=\"g1-indicator g1-type-document\"><span><\/span><span><\/span><\/span>\n\t\t\t<\/span>\t\t\t<span class=\"g1-01\"><\/span><span class=\"g1-02\"><\/span><span class=\"g1-03\"><\/span><span class=\"g1-04\"><\/span><span class=\"g1-05\"><\/span><span class=\"g1-06\"><\/span><span class=\"g1-07\"><\/span><span class=\"g1-08\"><\/span>\n\t\t<\/span>\n\t<\/span>\n<\/span>\n<div style=\"height: 15px;\"><\/div>\n<h2>Jean-Fran\u00e7ois Daber \u56e2\u961f<\/h2>\n<p>Jean-Fran\u00e7ois Daber\u7531\u6267\u884c\u603b\u88c1Gilles Saurais\uff0c\u7434\u5f13\u5927\u5e08Vincent Tricou\uff0c\u548c\u7814\u53d1\u5de5\u7a0b\u5e08Sylvain Toquec \u7ec4\u6210 \u3002<\/p>\n<\/li><!-- --><\/ul>\n<ul class=\"g1-grid\"><li class=\"g1-column g1-one-fourth g1-valign-top\" id=\"g1-grid-counter-0\" >\n<\/li><!-- --><li class=\"g1-column g1-three-fourth g1-valign-top\" id=\"g1-grid-counter-1\" >\n<h3 style=\"margin-top: 15px;\">Vincent Tricou \u5408\u4f5c\u80a1\u4e1c \u7434\u5f13\u5927\u5e08<\/h3>\n<span id=\"g1-frame-counter-2\" class=\"g1-frame g1-type-geometric-5\">\n\t<span class=\"g1-decorator\">\n\t\t<span class=\"g1-outer\">\n\t\t\t<span class=\"g1-inner\">\n\t\t\t\t<img loading=\"lazy\" decoding=\"async\" src=\"\/wp-content\/uploads\/2016\/05\/DSC_0045_mm.jpg\" alt=\"vincent tricou maitre archetier chez JF Daber \u00e0 Lyon\" width=\"200\" height=\"300\" \/>\n\t\t\t\t<span class=\"g1-indicator g1-type-document\"><span><\/span><span><\/span><\/span>\n\t\t\t<\/span>\t\t\t<span class=\"g1-01\"><\/span><span class=\"g1-02\"><\/span><span class=\"g1-03\"><\/span><span class=\"g1-04\"><\/span><span class=\"g1-05\"><\/span><span class=\"g1-06\"><\/span><span class=\"g1-07\"><\/span><span class=\"g1-08\"><\/span>\n\t\t<\/span>\n\t<\/span>\n<\/span>\n<p>1981\u5e74\u5728Jean-Fran\u00e7ois Daber\u5f00\u59cb\u804c\u4e1a\u751f\u6daf\uff0c\u5982\u4eca\u662f\u516c\u53f8\u5408\u4f5c<br \/>\n\u80a1\u4e1c\uff0c\u4e3a\u516c\u53f8\u6210\u4e3a\u4e16\u754c\u9876\u7ea7\u7434\u5f13\u574a\u505a\u51fa\u6781\u5927\u8d21\u732e\u3002<\/p>\n<p>Vincent\u7684\u804c\u8d23\u662f\u786e\u4fdd\u6211\u4eec\u7684\u6bcf\u4e00\u6839\u7434\u5f13\u7684\u654f\u611f\u5ea6\uff0c\u5728\u529f\u80fd\u4e0a\u548c\u58f0\u5b66\u4e0a\u6ee1\u8db3\u8981\u6c42\u3002\u4f5c\u4e3a\u56db\u91cd\u594f\u7684\u5c0f\u63d0\u7434\u624b\uff0cVincent\u4f1a\u8c03\u8bd5\u6bcf\u4e00\u652f\u7434\u5f13\uff0c\u8ba9\u6bcf\u4e00\u652f\u6728\u6746\u53d1\u6325\u51fa\u6700\u597d\u7684\u6548\u5e94\u6765\u6ee1\u8db3\u5ba2\u6237\u7684\u9700\u6c42\u3002<br \/>\nVincent\u5c24\u5176\u6ce8\u91cd\u7434\u5f13\u7684\u58f0\u5b66\u7279\u6027\uff0c\u540c\u65f6\u4e5f\u4f1a\u8fdb\u884c\u6559\u5b66\u57f9\u8bad\u548c\u6cd5\u56fd\u4f20\u7edf\u5236\u5f13\u4e1a\u7684\u4f20\u64ad\u3002<\/p>\n<\/li><!-- --><\/ul>\n<ul class=\"g1-grid\"><li class=\"g1-column g1-one-fourth g1-valign-top\" id=\"g1-grid-counter-0\" >\n<\/li><!-- --><li class=\"g1-column g1-three-fourth g1-valign-top\" id=\"g1-grid-counter-1\" >\n<h3 style=\"margin-top: 15px;\">Gilles Saurais \u6267\u884c\u8463\u4e8b \u97f3\u4e50\u7231\u597d\u4eba<\/h3>\n<span id=\"g1-frame-counter-3\" class=\"g1-frame g1-type-geometric-5\">\n\t<span class=\"g1-decorator\">\n\t\t<span class=\"g1-outer\">\n\t\t\t<span class=\"g1-inner\">\n\t\t\t\t<img loading=\"lazy\" decoding=\"async\" src=\"\/wp-content\/uploads\/2016\/05\/Img0132_m.jpg\" alt=\"Gilles Saurais, Directeur Ex\u00e9cutif de JF Daber \u00e0 Lyon, passionn\u00e9\" width=\"200\" height=\"300\" \/>\n\t\t\t\t<span class=\"g1-indicator g1-type-document\"><span><\/span><span><\/span><\/span>\n\t\t\t<\/span>\t\t\t<span class=\"g1-01\"><\/span><span class=\"g1-02\"><\/span><span class=\"g1-03\"><\/span><span class=\"g1-04\"><\/span><span class=\"g1-05\"><\/span><span class=\"g1-06\"><\/span><span class=\"g1-07\"><\/span><span class=\"g1-08\"><\/span>\n\t\t<\/span>\n\t<\/span>\n<\/span>\n<p>Gilles\u8d1f\u8d23\u516c\u53f8\u7684\u8fd0\u8425\u7ba1\u7406\u3002\u5904\u7406\u548c\u5ba2\u6237\u95f4\u5173\u7cfb\u3002\u4ed6\u901a\u8fc7\u5404\u79cd\u4e0d\u540c\u7684 \u53c2\u6570\uff0c\u8b6c\u5982\u58f0\u97f3\u7684\u7ed3\u6784\uff0c\u6728\u5934\u6750\u8d28\uff0c\u5f62\u72b6\u6784\u9020\uff0c\u59ff\u52bf\u7b49\uff0c\u5e2e\u52a9\u97f3\u4e50\u5bb6\u4eec\u6289\u62e9\u5408\u9002\u7684\u7434\u5f13\u3002<br \/>\nGilles\u4e5f\u8d1f\u8d23\u539f\u6750\u6599\u7684\u91c7\u8d2d\uff0c\u4ed6\u4e0d\u65ad\u7684\u5728\u4e16\u754c\u5404\u5730\u5bfb\u627e\u6728\u6599\uff0c\u9a6c\u5c3e\u7b49\u53ef\u5229\u7528\u7684\u6700\u597d\u6750\u6599\u3002<\/p>\n<\/li><!-- --><\/ul>\n<ul class=\"g1-grid\"><li class=\"g1-column g1-one-fourth g1-valign-top\" id=\"g1-grid-counter-0\" >\n<\/li><!-- --><li class=\"g1-column g1-three-fourth g1-valign-top\" id=\"g1-grid-counter-1\" >\n<h3 style=\"margin-top: 25px;\">Sylvain Tocquec \u5408\u4f5c\u80a1\u4e1c \u7814\u53d1\u5de5\u7a0b\u5e08<\/h3>\n<span id=\"g1-frame-counter-4\" class=\"g1-frame g1-type-geometric-5\">\n\t<span class=\"g1-decorator\">\n\t\t<span class=\"g1-outer\">\n\t\t\t<span class=\"g1-inner\">\n\t\t\t\t<img loading=\"lazy\" decoding=\"async\" src=\"\/wp-content\/uploads\/2016\/05\/sylvain_m.jpg\" alt=\"vincent tricou maitre archetier chez JF Daber \u00e0 Lyon\" width=\"200\" height=\"300\" \/>\n\t\t\t\t<span class=\"g1-indicator g1-type-document\"><span><\/span><span><\/span><\/span>\n\t\t\t<\/span>\t\t\t<span class=\"g1-01\"><\/span><span class=\"g1-02\"><\/span><span class=\"g1-03\"><\/span><span class=\"g1-04\"><\/span><span class=\"g1-05\"><\/span><span class=\"g1-06\"><\/span><span class=\"g1-07\"><\/span><span class=\"g1-08\"><\/span>\n\t\t<\/span>\n\t<\/span>\n<\/span>\n<p>\u4f5c\u4e3a\u5de5\u7a0b\u5e08\u7684sylvain, \u8d1f\u8d23\u7434\u5f13\u7684\u7814\u53d1\u3002\u4ed6\u7814\u53d1\u5404\u79cd\u5206\u6790\u4eea\uff0c\u5bf9\u7434\u5f13\u7684\u529f\u80fd\u548c\u58f0\u5b66\u6548\u679c\u8fdb\u884c\u6d4b\u91cf\u63a7\u5236\uff0c\u786e\u4fdd\u78b3\u7ea4\u6df7\u5408\u6728\u5f13\u7b49\u65b0\u4ea7\u54c1\u7684\u5b9e\u73b0\u3002<\/p>\n<p>\u6211\u4eec\u4e00\u8d77\u4e0d\u65ad\u7684\u5bf9\u7434\u5f13\u548c\u58f0\u97f3\u8fdb\u884c\u7814\u7a76\u548c\u63a2\u7d22\uff0c\u5236\u4f5c\u51fa\u7a33\u5b9a\u7684\u9ad8\u8d28\u91cf\u7434\u5f13\u3002<\/p>\n<\/li><!-- --><\/ul>\n<span id=\"g1-frame-counter-5\" class=\"g1-frame g1-type-geometric-5\">\n\t<span class=\"g1-decorator\">\n\t\t<span class=\"g1-outer\">\n\t\t\t<span class=\"g1-inner\">\n\t\t\t\t<img loading=\"lazy\" decoding=\"async\" src=\"\/wp-content\/uploads\/2016\/06\/tailletete3_m.jpg\" alt=\"JF Daber Archetier \u00e0 Lyon\" width=\"1920\" height=\"947\" \/>\n\t\t\t\t<span class=\"g1-indicator g1-type-document\"><span><\/span><span><\/span><\/span>\n\t\t\t<\/span>\t\t\t<span class=\"g1-01\"><\/span><span class=\"g1-02\"><\/span><span class=\"g1-03\"><\/span><span class=\"g1-04\"><\/span><span class=\"g1-05\"><\/span><span class=\"g1-06\"><\/span><span class=\"g1-07\"><\/span><span class=\"g1-08\"><\/span>\n\t\t<\/span>\n\t<\/span>\n<\/span>\n<div id=\"g1-divider-counter-1\" class=\"g1-divider g1-type-classic-2\"><\/div>\n","protected":false},"excerpt":{"rendered":"","protected":false},"author":1,"featured_media":0,"parent":0,"menu_order":0,"comment_status":"closed","ping_status":"closed","template":"","meta":{"footnotes":""},"class_list":["post-2049","page","type-page","status-publish","hentry"],"yoast_head":"<!-- This site is optimized with the Yoast SEO plugin v25.5 - https:\/\/yoast.com\/wordpress\/plugins\/seo\/ -->\n<title>\u5236\u5f13\u574a\u548c\u5b83\u7684\u5386\u53f2 - Jean-Fran\u00e7ois Daber<\/title>\n<meta name=\"robots\" content=\"index, follow, max-snippet:-1, max-image-preview:large, max-video-preview:-1\" \/>\n<link rel=\"canonical\" href=\"https:\/\/www.jfdaber.com\/zh-hans\/history\/\" \/>\n<meta property=\"og:locale\" content=\"zh_CN\" \/>\n<meta property=\"og:type\" content=\"article\" \/>\n<meta property=\"og:title\" content=\"\u5236\u5f13\u574a\u548c\u5b83\u7684\u5386\u53f2 - Jean-Fran\u00e7ois Daber\" \/>\n<meta property=\"og:url\" content=\"https:\/\/www.jfdaber.com\/zh-hans\/history\/\" \/>\n<meta property=\"og:site_name\" content=\"Jean-Fran\u00e7ois Daber\" \/>\n<meta property=\"article:publisher\" content=\"https:\/\/www.facebook.com\/jfdaber\" \/>\n<meta property=\"article:modified_time\" content=\"2016-10-20T20:33:09+00:00\" \/>\n<meta name=\"twitter:card\" content=\"summary_large_image\" \/>\n<meta name=\"twitter:label1\" content=\"\u9884\u8ba1\u9605\u8bfb\u65f6\u95f4\" \/>\n\t<meta name=\"twitter:data1\" content=\"1 \u5206\" \/>\n<script type=\"application\/ld+json\" class=\"yoast-schema-graph\">{\"@context\":\"https:\/\/schema.org\",\"@graph\":[{\"@type\":\"WebPage\",\"@id\":\"https:\/\/www.jfdaber.com\/zh-hans\/history\/\",\"url\":\"https:\/\/www.jfdaber.com\/zh-hans\/history\/\",\"name\":\"\u5236\u5f13\u574a\u548c\u5b83\u7684\u5386\u53f2 - Jean-Fran\u00e7ois Daber\",\"isPartOf\":{\"@id\":\"https:\/\/www.jfdaber.com\/#website\"},\"datePublished\":\"2016-06-14T14:18:56+00:00\",\"dateModified\":\"2016-10-20T20:33:09+00:00\",\"breadcrumb\":{\"@id\":\"https:\/\/www.jfdaber.com\/zh-hans\/history\/#breadcrumb\"},\"inLanguage\":\"zh-Hans\",\"potentialAction\":[{\"@type\":\"ReadAction\",\"target\":[\"https:\/\/www.jfdaber.com\/zh-hans\/history\/\"]}]},{\"@type\":\"BreadcrumbList\",\"@id\":\"https:\/\/www.jfdaber.com\/zh-hans\/history\/#breadcrumb\",\"itemListElement\":[{\"@type\":\"ListItem\",\"position\":1,\"name\":\"Accueil\",\"item\":\"https:\/\/www.jfdaber.com\/zh-hans\/\"},{\"@type\":\"ListItem\",\"position\":2,\"name\":\"\u5236\u5f13\u574a\u548c\u5b83\u7684\u5386\u53f2\"}]},{\"@type\":\"WebSite\",\"@id\":\"https:\/\/www.jfdaber.com\/#website\",\"url\":\"https:\/\/www.jfdaber.com\/\",\"name\":\"Jean-Fran\u00e7ois Daber\",\"description\":\"La qu\u00eate du son\",\"publisher\":{\"@id\":\"https:\/\/www.jfdaber.com\/#organization\"},\"potentialAction\":[{\"@type\":\"SearchAction\",\"target\":{\"@type\":\"EntryPoint\",\"urlTemplate\":\"https:\/\/www.jfdaber.com\/?s={search_term_string}\"},\"query-input\":{\"@type\":\"PropertyValueSpecification\",\"valueRequired\":true,\"valueName\":\"search_term_string\"}}],\"inLanguage\":\"zh-Hans\"},{\"@type\":\"Organization\",\"@id\":\"https:\/\/www.jfdaber.com\/#organization\",\"name\":\"Jean-Fran\u00e7ois Daber\",\"url\":\"https:\/\/www.jfdaber.com\/\",\"logo\":{\"@type\":\"ImageObject\",\"inLanguage\":\"zh-Hans\",\"@id\":\"https:\/\/www.jfdaber.com\/#\/schema\/logo\/image\/\",\"url\":\"https:\/\/www.jfdaber.com\/wp-content\/uploads\/2016\/06\/logo_daber_deskop.png\",\"contentUrl\":\"https:\/\/www.jfdaber.com\/wp-content\/uploads\/2016\/06\/logo_daber_deskop.png\",\"width\":600,\"height\":154,\"caption\":\"Jean-Fran\u00e7ois Daber\"},\"image\":{\"@id\":\"https:\/\/www.jfdaber.com\/#\/schema\/logo\/image\/\"},\"sameAs\":[\"https:\/\/www.facebook.com\/jfdaber\"]}]}<\/script>\n<!-- \/ Yoast SEO plugin. -->","yoast_head_json":{"title":"\u5236\u5f13\u574a\u548c\u5b83\u7684\u5386\u53f2 - Jean-Fran\u00e7ois Daber","robots":{"index":"index","follow":"follow","max-snippet":"max-snippet:-1","max-image-preview":"max-image-preview:large","max-video-preview":"max-video-preview:-1"},"canonical":"https:\/\/www.jfdaber.com\/zh-hans\/history\/","og_locale":"zh_CN","og_type":"article","og_title":"\u5236\u5f13\u574a\u548c\u5b83\u7684\u5386\u53f2 - Jean-Fran\u00e7ois Daber","og_url":"https:\/\/www.jfdaber.com\/zh-hans\/history\/","og_site_name":"Jean-Fran\u00e7ois Daber","article_publisher":"https:\/\/www.facebook.com\/jfdaber","article_modified_time":"2016-10-20T20:33:09+00:00","twitter_card":"summary_large_image","twitter_misc":{"\u9884\u8ba1\u9605\u8bfb\u65f6\u95f4":"1 \u5206"},"schema":{"@context":"https:\/\/schema.org","@graph":[{"@type":"WebPage","@id":"https:\/\/www.jfdaber.com\/zh-hans\/history\/","url":"https:\/\/www.jfdaber.com\/zh-hans\/history\/","name":"\u5236\u5f13\u574a\u548c\u5b83\u7684\u5386\u53f2 - Jean-Fran\u00e7ois Daber","isPartOf":{"@id":"https:\/\/www.jfdaber.com\/#website"},"datePublished":"2016-06-14T14:18:56+00:00","dateModified":"2016-10-20T20:33:09+00:00","breadcrumb":{"@id":"https:\/\/www.jfdaber.com\/zh-hans\/history\/#breadcrumb"},"inLanguage":"zh-Hans","potentialAction":[{"@type":"ReadAction","target":["https:\/\/www.jfdaber.com\/zh-hans\/history\/"]}]},{"@type":"BreadcrumbList","@id":"https:\/\/www.jfdaber.com\/zh-hans\/history\/#breadcrumb","itemListElement":[{"@type":"ListItem","position":1,"name":"Accueil","item":"https:\/\/www.jfdaber.com\/zh-hans\/"},{"@type":"ListItem","position":2,"name":"\u5236\u5f13\u574a\u548c\u5b83\u7684\u5386\u53f2"}]},{"@type":"WebSite","@id":"https:\/\/www.jfdaber.com\/#website","url":"https:\/\/www.jfdaber.com\/","name":"Jean-Fran\u00e7ois Daber","description":"La qu\u00eate du son","publisher":{"@id":"https:\/\/www.jfdaber.com\/#organization"},"potentialAction":[{"@type":"SearchAction","target":{"@type":"EntryPoint","urlTemplate":"https:\/\/www.jfdaber.com\/?s={search_term_string}"},"query-input":{"@type":"PropertyValueSpecification","valueRequired":true,"valueName":"search_term_string"}}],"inLanguage":"zh-Hans"},{"@type":"Organization","@id":"https:\/\/www.jfdaber.com\/#organization","name":"Jean-Fran\u00e7ois Daber","url":"https:\/\/www.jfdaber.com\/","logo":{"@type":"ImageObject","inLanguage":"zh-Hans","@id":"https:\/\/www.jfdaber.com\/#\/schema\/logo\/image\/","url":"https:\/\/www.jfdaber.com\/wp-content\/uploads\/2016\/06\/logo_daber_deskop.png","contentUrl":"https:\/\/www.jfdaber.com\/wp-content\/uploads\/2016\/06\/logo_daber_deskop.png","width":600,"height":154,"caption":"Jean-Fran\u00e7ois Daber"},"image":{"@id":"https:\/\/www.jfdaber.com\/#\/schema\/logo\/image\/"},"sameAs":["https:\/\/www.facebook.com\/jfdaber"]}]}},"_links":{"self":[{"href":"https:\/\/www.jfdaber.com\/zh-hans\/wp-json\/wp\/v2\/pages\/2049","targetHints":{"allow":["GET"]}}],"collection":[{"href":"https:\/\/www.jfdaber.com\/zh-hans\/wp-json\/wp\/v2\/pages"}],"about":[{"href":"https:\/\/www.jfdaber.com\/zh-hans\/wp-json\/wp\/v2\/types\/page"}],"author":[{"embeddable":true,"href":"https:\/\/www.jfdaber.com\/zh-hans\/wp-json\/wp\/v2\/users\/1"}],"replies":[{"embeddable":true,"href":"https:\/\/www.jfdaber.com\/zh-hans\/wp-json\/wp\/v2\/comments?post=2049"}],"version-history":[{"count":5,"href":"https:\/\/www.jfdaber.com\/zh-hans\/wp-json\/wp\/v2\/pages\/2049\/revisions"}],"predecessor-version":[{"id":2189,"href":"https:\/\/www.jfdaber.com\/zh-hans\/wp-json\/wp\/v2\/pages\/2049\/revisions\/2189"}],"wp:attachment":[{"href":"https:\/\/www.jfdaber.com\/zh-hans\/wp-json\/wp\/v2\/media?parent=2049"}],"curies":[{"name":"wp","href":"https:\/\/api.w.org\/{rel}","templated":true}]}}