{"id":2060,"date":"2016-06-14T15:23:55","date_gmt":"2016-06-14T14:23:55","guid":{"rendered":"https:\/\/www.jfdaber.com\/zh-hans\/?page_id=2060"},"modified":"2016-10-17T21:50:32","modified_gmt":"2016-10-17T20:50:32","slug":"pernambuco-bows","status":"publish","type":"page","link":"https:\/\/www.jfdaber.com\/zh-hans\/pernambuco-bows\/","title":{"rendered":"\u5df4\u897f\u82cf\u6728\u7434\u5f13\u7cfb\u5217"},"content":{"rendered":"<p>J.F Daber\u5236\u5f13\u574a\u4e3a\u60a8\u63a8\u8350\u9ad8\u7ea7\u522b\u7684\u6728\u5f13\uff0c\u6700\u9ad8\u8d28\u91cf\u7684\u5df4\u897f\u82cf\u6728\u5236\u4f5c\u3002<\/p>\n<h2>\u5236\u4f5c\u9ad8\u7ea7\u522b\u7434\u5f13\u7684\u5df4\u897f\u82cf\u6728<\/h2>\n<span id=\"g1-frame-counter-1\" class=\"g1-frame g1-type-geometric-5\">\n\t<span class=\"g1-decorator\">\n\t\t<span class=\"g1-outer\">\n\t\t\t<span class=\"g1-inner\">\n\t\t\t\t<img loading=\"lazy\" decoding=\"async\" src=\"\/wp-content\/uploads\/2016\/05\/t\u00eate-master-vue_3.jpg\" alt=\"archets master fabriqu\u00e9s en bois de Pernambouc de qualit\u00e9 exceptionnelle par l'archetier JF Daber \u00e0 Lyon\" width=\"1920\" height=\"947\" \/>\n\t\t\t\t<span class=\"g1-indicator g1-type-document\"><span><\/span><span><\/span><\/span>\n\t\t\t<\/span>\t\t\t<span class=\"g1-01\"><\/span><span class=\"g1-02\"><\/span><span class=\"g1-03\"><\/span><span class=\"g1-04\"><\/span><span class=\"g1-05\"><\/span><span class=\"g1-06\"><\/span><span class=\"g1-07\"><\/span><span class=\"g1-08\"><\/span>\n\t\t<\/span>\n\t<\/span>\n<\/span>\n<p>\u5728\u4eca\u5929\u7684\u9ad8\u6863\u5236\u5f13\u754c\uff0c\u5df4\u897f\u82cf\u6728\u662f\u552f\u4e00\u540c\u65f6\u6ee1\u8db3\u52a8\u529b\u529f\u80fd\u548c\u58f0\u5b66\u529f\u80fd\u7684\u5929\u7136\u6750\u6599\u3002\u6211\u4eec\u4e3b\u8981\u628a\u5b83\u7528\u4e8e\u9ad8\u6863\u7434\u5f13\u7684\u5236\u4f5c\uff0c\u5982\u5408\u4f5c\u7434\u5f13\u548c\u5927\u5e08\u7434\u5f13\u3002\u8fd9\u4e9b\u7434\u5f13\u7684\u7075\u654f\u5ea6\u5f88\u9ad8\uff0c\u5728\u624b\u611f\u548c\u97f3\u611f\u4e0a\u9002\u5408\u9ad8\u6c34\u5e73\u97f3\u4e50\u5bb6:<\/p>\n<ul class=\"g1-grid\"><li class=\"g1-column g1-one-half g1-valign-top\" id=\"g1-grid-counter-0\" >\n<p><span id=\"g1-frame-counter-2\" class=\"g1-frame g1-type-geometric-5\">\n\t<span class=\"g1-decorator\">\n\t\t<span class=\"g1-outer\">\n\t\t\t<span class=\"g1-inner\">\n\t\t\t\t<img loading=\"lazy\" decoding=\"async\" src=\"\/wp-content\/uploads\/2016\/06\/VSMG-11FD-Head2.jpg\" alt=\"archet de violon Super Master mont\u00e9 or sign\u00e9 Vincent Tricou - JF Daber \u00e0 Lyon\" width=\"586\" height=\"259\" \/>\n\t\t\t\t<span class=\"g1-indicator g1-type-document\"><span><\/span><span><\/span><\/span>\n\t\t\t<\/span>\t\t\t<span class=\"g1-01\"><\/span><span class=\"g1-02\"><\/span><span class=\"g1-03\"><\/span><span class=\"g1-04\"><\/span><span class=\"g1-05\"><\/span><span class=\"g1-06\"><\/span><span class=\"g1-07\"><\/span><span class=\"g1-08\"><\/span>\n\t\t<\/span>\n\t<\/span>\n<\/span><br \/>\n<\/li><!-- --><li class=\"g1-column g1-one-half g1-valign-top\" id=\"g1-grid-counter-1\" >\n<span id=\"g1-frame-counter-3\" class=\"g1-frame g1-type-geometric-5\">\n\t<span class=\"g1-decorator\">\n\t\t<span class=\"g1-outer\">\n\t\t\t<span class=\"g1-inner\">\n\t\t\t\t<img loading=\"lazy\" decoding=\"async\" src=\"\/wp-content\/uploads\/2016\/06\/VSMG-11FD-Frog-V1_22.jpg\" alt=\"archet de violon Super Master mont\u00e9 or sign\u00e9 Vincent Tricou - JF Daber \u00e0 Lyon\" width=\"586\" height=\"259\" \/>\n\t\t\t\t<span class=\"g1-indicator g1-type-document\"><span><\/span><span><\/span><\/span>\n\t\t\t<\/span>\t\t\t<span class=\"g1-01\"><\/span><span class=\"g1-02\"><\/span><span class=\"g1-03\"><\/span><span class=\"g1-04\"><\/span><span class=\"g1-05\"><\/span><span class=\"g1-06\"><\/span><span class=\"g1-07\"><\/span><span class=\"g1-08\"><\/span>\n\t\t<\/span>\n\t<\/span>\n<\/span>\n<\/li><!-- --><\/ul>\n<ul class=\"g1-grid\"><li class=\"g1-column g1-one-half g1-valign-top\" id=\"g1-grid-counter-0\" >\n<p><span id=\"g1-frame-counter-4\" class=\"g1-frame g1-type-geometric-5\">\n\t<span class=\"g1-decorator\">\n\t\t<span class=\"g1-outer\">\n\t\t\t<span class=\"g1-inner\">\n\t\t\t\t<img loading=\"lazy\" decoding=\"async\" src=\"\/wp-content\/uploads\/2016\/06\/ASMG-1227-H2.jpg\" alt=\"archet d'alto Super Master mont\u00e9 or sign\u00e9 Vincent Tricou - JF Daber \u00e0 Lyon\" width=\"586\" height=\"259\" \/>\n\t\t\t\t<span class=\"g1-indicator g1-type-document\"><span><\/span><span><\/span><\/span>\n\t\t\t<\/span>\t\t\t<span class=\"g1-01\"><\/span><span class=\"g1-02\"><\/span><span class=\"g1-03\"><\/span><span class=\"g1-04\"><\/span><span class=\"g1-05\"><\/span><span class=\"g1-06\"><\/span><span class=\"g1-07\"><\/span><span class=\"g1-08\"><\/span>\n\t\t<\/span>\n\t<\/span>\n<\/span><br \/>\n<\/li><!-- --><li class=\"g1-column g1-one-half g1-valign-top\" id=\"g1-grid-counter-1\" >\n<span id=\"g1-frame-counter-5\" class=\"g1-frame g1-type-geometric-5\">\n\t<span class=\"g1-decorator\">\n\t\t<span class=\"g1-outer\">\n\t\t\t<span class=\"g1-inner\">\n\t\t\t\t<img loading=\"lazy\" decoding=\"async\" src=\"\/wp-content\/uploads\/2016\/06\/ASMG-1227-F_22.jpg\" alt=\"Archet d'Alto mont\u00e9 argent sign\u00e9 Nicolas Delaune * \u00e0 Lyon\" width=\"586\" height=\"259\" \/>\n\t\t\t\t<span class=\"g1-indicator g1-type-document\"><span><\/span><span><\/span><\/span>\n\t\t\t<\/span>\t\t\t<span class=\"g1-01\"><\/span><span class=\"g1-02\"><\/span><span class=\"g1-03\"><\/span><span class=\"g1-04\"><\/span><span class=\"g1-05\"><\/span><span class=\"g1-06\"><\/span><span class=\"g1-07\"><\/span><span class=\"g1-08\"><\/span>\n\t\t<\/span>\n\t<\/span>\n<\/span>\n<\/li><!-- --><\/ul>\n<ul class=\"g1-grid\"><li class=\"g1-column g1-one-half g1-valign-top\" id=\"g1-grid-counter-0\" >\n<p><span id=\"g1-frame-counter-6\" class=\"g1-frame g1-type-geometric-5\">\n\t<span class=\"g1-decorator\">\n\t\t<span class=\"g1-outer\">\n\t\t\t<span class=\"g1-inner\">\n\t\t\t\t<img loading=\"lazy\" decoding=\"async\" src=\"\/wp-content\/uploads\/2016\/06\/CSMG-1206-Head-22.jpg\" alt=\"archet de violoncelle Super Master mont\u00e9 or sign\u00e9 Vincent Tricou - JF Daber \u00e0 Lyon\" width=\"586\" height=\"259\" \/>\n\t\t\t\t<span class=\"g1-indicator g1-type-document\"><span><\/span><span><\/span><\/span>\n\t\t\t<\/span>\t\t\t<span class=\"g1-01\"><\/span><span class=\"g1-02\"><\/span><span class=\"g1-03\"><\/span><span class=\"g1-04\"><\/span><span class=\"g1-05\"><\/span><span class=\"g1-06\"><\/span><span class=\"g1-07\"><\/span><span class=\"g1-08\"><\/span>\n\t\t<\/span>\n\t<\/span>\n<\/span><br \/>\n<\/li><!-- --><li class=\"g1-column g1-one-half g1-valign-top\" id=\"g1-grid-counter-1\" >\n<span id=\"g1-frame-counter-7\" class=\"g1-frame g1-type-geometric-5\">\n\t<span class=\"g1-decorator\">\n\t\t<span class=\"g1-outer\">\n\t\t\t<span class=\"g1-inner\">\n\t\t\t\t<img loading=\"lazy\" decoding=\"async\" src=\"\/wp-content\/uploads\/2016\/06\/ASMG-1227-F_2.jpg\" alt=\"archet de violoncelle Super Master mont\u00e9 or sign\u00e9 Vincent Tricou - JF Daber \u00e0 Lyon\" width=\"586\" height=\"259\" \/>\n\t\t\t\t<span class=\"g1-indicator g1-type-document\"><span><\/span><span><\/span><\/span>\n\t\t\t<\/span>\t\t\t<span class=\"g1-01\"><\/span><span class=\"g1-02\"><\/span><span class=\"g1-03\"><\/span><span class=\"g1-04\"><\/span><span class=\"g1-05\"><\/span><span class=\"g1-06\"><\/span><span class=\"g1-07\"><\/span><span class=\"g1-08\"><\/span>\n\t\t<\/span>\n\t<\/span>\n<\/span>\n<\/li><!-- --><\/ul>\n<ul>\n<li>\u5408\u4f5c\u7434\u5f13\u3002\u8fd9\u662f\u4e00\u6b3e\u591a\u529f\u80fd\u7684\u7075\u654f\u7684\u7434\u5f13\uff0c\u5b83\u53ef\u4ee5\u5e2e\u52a9\u97f3\u8272\uff0c\u97f3\u54cd\u7b49\u7684\u8f6c\u8c03\u6291\u626c\u7684\u5165\u95e8\u3002<\/li>\n<li>\u5927\u5e08\u7434\u5f13\u3002\u9ad8\u6863\u6280\u672f\u7434\u5f13\uff0c\u62e5\u6709\u9ad8\u5ea6\u7684\u7075\u654f\u6027\uff0c\u548c\u5f3a\u70c8\u7684\u4e2a\u6027\uff0c\u5b83\u80fd\u5e2e\u52a9\u6211\u4eec\u7684\u5ba2\u6237\u52a0\u6df1\u5bf9\u58f0\u97f3\u7684\u89c1\u89e3\uff0c\u4ece\u800c\u5b9e\u73b0\u7406\u60f3\u4e2d\u7684\u58f0\u97f3\u3002<\/li>\n<\/ul>\n<div style=\"height: 25px;\"><\/div>\n<h2>\u77e5\u540d\u7684\u6728\u5f13<\/h2>\n<p>\u8fd9\u662f\u4e3a\u4e13\u4e1a\u8005\u548c\u9ad8\u7ea7\u7231\u597d\u8005\u63a8\u8350\u7684\u7434\u5f13\u3002\u6211\u4eec\u9009\u62e9\u4e0a\u597d\u7684\u6728\u6599\u6765\u6ee1\u8db3\u6bcf\u4e00\u4e2a\u5ba2\u6237\u5728\u6f14\u594f\u6280\u672f\u4e0a\u7684\u8981\u6c42\u548c\u5bf9\u6bcf\u4e00\u628a\u7434\u7684\u914d\u5408\u3002<\/p>\n<p>\u6211\u4eec\u7684\u5236\u5f13\u574a\u4ee5\u524d\u4e5f\u505a\u76d6\u6709\u5370\u8bb0\u7684\u5b66\u751f\u7434\u5f13:<\/p>\n<ul>\n<li>Claude Le Griffon \u00e0 Lyon<\/li>\n<li>Franck Vincent \u00e0 Lyon<\/li>\n<li>Nicolas Delaune \u00e0 Lyon<\/li>\n<li>Jean-Fran\u00e7ois Daber \u00e0 Lyon<\/li>\n<\/ul>\n<ul class=\"g1-grid\"><li class=\"g1-column g1-one-third g1-valign-top\" id=\"g1-grid-counter-0\" >\n<p><span id=\"g1-frame-counter-8\" class=\"g1-frame g1-type-geometric-5\">\n\t<span class=\"g1-decorator\">\n\t\t<span class=\"g1-outer\">\n\t\t\t<span class=\"g1-inner\">\n\t\t\t\t<img loading=\"lazy\" decoding=\"async\" src=\"\/wp-content\/uploads\/2016\/06\/VFVHIMG_2884_b.jpg\" alt=\"Archet violon mont\u00e9 argent sign\u00e9 Franck Vincent \u00e0 Lyon\" width=\"700\" height=\"467\"\/>\n\t\t\t\t<span class=\"g1-indicator g1-type-document\"><span><\/span><span><\/span><\/span>\n\t\t\t<\/span>\t\t\t<span class=\"g1-01\"><\/span><span class=\"g1-02\"><\/span><span class=\"g1-03\"><\/span><span class=\"g1-04\"><\/span><span class=\"g1-05\"><\/span><span class=\"g1-06\"><\/span><span class=\"g1-07\"><\/span><span class=\"g1-08\"><\/span>\n\t\t<\/span>\n\t<\/span>\n<\/span><br \/>\n<\/li><!-- --><li class=\"g1-column g1-one-third g1-valign-top\" id=\"g1-grid-counter-1\" >\n<p><span id=\"g1-frame-counter-9\" class=\"g1-frame g1-type-geometric-5\">\n\t<span class=\"g1-decorator\">\n\t\t<span class=\"g1-outer\">\n\t\t\t<span class=\"g1-inner\">\n\t\t\t\t<img loading=\"lazy\" decoding=\"async\" src=\"\/wp-content\/uploads\/2016\/06\/And-B16-H.jpg\" alt=\"Archet d'Alto mont\u00e9 argent sign\u00e9 Nicolas Delaune * \u00e0 Lyon\" width=\"700\" height=\"467\" \/>\n\t\t\t\t<span class=\"g1-indicator g1-type-document\"><span><\/span><span><\/span><\/span>\n\t\t\t<\/span>\t\t\t<span class=\"g1-01\"><\/span><span class=\"g1-02\"><\/span><span class=\"g1-03\"><\/span><span class=\"g1-04\"><\/span><span class=\"g1-05\"><\/span><span class=\"g1-06\"><\/span><span class=\"g1-07\"><\/span><span class=\"g1-08\"><\/span>\n\t\t<\/span>\n\t<\/span>\n<\/span><br \/>\n<\/li><!-- --><li class=\"g1-column g1-one-third g1-valign-top\" id=\"g1-grid-counter-2\" >\n<p><span id=\"g1-frame-counter-10\" class=\"g1-frame g1-type-geometric-5\">\n\t<span class=\"g1-decorator\">\n\t\t<span class=\"g1-outer\">\n\t\t\t<span class=\"g1-inner\">\n\t\t\t\t<img loading=\"lazy\" decoding=\"async\" src=\"\/wp-content\/uploads\/2016\/06\/Cjfd-B59-H_b.jpg\" alt=\"Archet violoncelle mont\u00e9 argent sign\u00e9 JF Daber \u00e0 Lyon\" width=\"700\" height=\"467\" \/>\n\t\t\t\t<span class=\"g1-indicator g1-type-document\"><span><\/span><span><\/span><\/span>\n\t\t\t<\/span>\t\t\t<span class=\"g1-01\"><\/span><span class=\"g1-02\"><\/span><span class=\"g1-03\"><\/span><span class=\"g1-04\"><\/span><span class=\"g1-05\"><\/span><span class=\"g1-06\"><\/span><span class=\"g1-07\"><\/span><span class=\"g1-08\"><\/span>\n\t\t<\/span>\n\t<\/span>\n<\/span><br \/>\n<\/li><!-- --><\/ul>\n<ul class=\"g1-grid\"><li class=\"g1-column g1-one-third g1-valign-top\" id=\"g1-grid-counter-0\" >\n<p><span id=\"g1-frame-counter-11\" class=\"g1-frame g1-type-geometric-5\">\n\t<span class=\"g1-decorator\">\n\t\t<span class=\"g1-outer\">\n\t\t\t<span class=\"g1-inner\">\n\t\t\t\t<img loading=\"lazy\" decoding=\"async\" src=\"\/wp-content\/uploads\/2016\/06\/VFV-F78-F_2_b.jpg\" alt=\"Archet violon mont\u00e9 argent sign\u00e9 Franck Vincent \u00e0 Lyon\" width=\"700\" height=\"467\"\/>\n\t\t\t\t<span class=\"g1-indicator g1-type-document\"><span><\/span><span><\/span><\/span>\n\t\t\t<\/span>\t\t\t<span class=\"g1-01\"><\/span><span class=\"g1-02\"><\/span><span class=\"g1-03\"><\/span><span class=\"g1-04\"><\/span><span class=\"g1-05\"><\/span><span class=\"g1-06\"><\/span><span class=\"g1-07\"><\/span><span class=\"g1-08\"><\/span>\n\t\t<\/span>\n\t<\/span>\n<\/span><br \/>\n<\/li><!-- --><li class=\"g1-column g1-one-third g1-valign-top\" id=\"g1-grid-counter-1\" >\n<p><span id=\"g1-frame-counter-12\" class=\"g1-frame g1-type-geometric-5\">\n\t<span class=\"g1-decorator\">\n\t\t<span class=\"g1-outer\">\n\t\t\t<span class=\"g1-inner\">\n\t\t\t\t<img loading=\"lazy\" decoding=\"async\" src=\"\/wp-content\/uploads\/2016\/06\/ande1.jpg\" alt=\"Archet d'Alto mont\u00e9 argent sign\u00e9 Nicolas Delaune * \u00e0 Lyon\" width=\"700\" height=\"467\" \/>\n\t\t\t\t<span class=\"g1-indicator g1-type-document\"><span><\/span><span><\/span><\/span>\n\t\t\t<\/span>\t\t\t<span class=\"g1-01\"><\/span><span class=\"g1-02\"><\/span><span class=\"g1-03\"><\/span><span class=\"g1-04\"><\/span><span class=\"g1-05\"><\/span><span class=\"g1-06\"><\/span><span class=\"g1-07\"><\/span><span class=\"g1-08\"><\/span>\n\t\t<\/span>\n\t<\/span>\n<\/span><br \/>\n<\/li><!-- --><li class=\"g1-column g1-one-third g1-valign-top\" id=\"g1-grid-counter-2\" >\n<p><span id=\"g1-frame-counter-13\" class=\"g1-frame g1-type-geometric-5\">\n\t<span class=\"g1-decorator\">\n\t\t<span class=\"g1-outer\">\n\t\t\t<span class=\"g1-inner\">\n\t\t\t\t<img loading=\"lazy\" decoding=\"async\" src=\"\/wp-content\/uploads\/2016\/06\/Cjfd-B59-F_2_b.jpg\" alt=\"Archet violoncelle mont\u00e9 argent sign\u00e9 JF Daber \u00e0 Lyon\" width=\"700\" height=\"467\" \/>\n\t\t\t\t<span class=\"g1-indicator g1-type-document\"><span><\/span><span><\/span><\/span>\n\t\t\t<\/span>\t\t\t<span class=\"g1-01\"><\/span><span class=\"g1-02\"><\/span><span class=\"g1-03\"><\/span><span class=\"g1-04\"><\/span><span class=\"g1-05\"><\/span><span class=\"g1-06\"><\/span><span class=\"g1-07\"><\/span><span class=\"g1-08\"><\/span>\n\t\t<\/span>\n\t<\/span>\n<\/span><br \/>\n<\/li><!-- --><\/ul>\n<p>\u8fd9\u51e0\u6b3e\u4e13\u5bf9\u5b66\u751f\u7684\u7434\u5f13\u73b0\u5728\u5df2\u7ecf\u9010\u6e10\u88ab\u6211\u4eec\u7684\u6df7\u5408\u7434\u5f13\u4ee3\u66ff\uff0c\u6df7\u5408\u7434\u5f13\u80fd\u8ba9\u6f14\u594f\u66f4\u52a0\u8212\u9002\uff0c\u5e26\u6765\u4f18\u8d28\u7684\u97f3\u8d28\uff0c\u548c\u65e0\u4e0e\u4f26\u6bd4\u7684\u6027\u4ef7\u6bd4\u3002<\/p>\n<p>\u60f3\u5bf9\u6211\u4eec\u7684\u5df4\u897f\u82cf\u6728\u9ad8\u7ea7\u7434\u5f13\u6709\u66f4\u591a\u4e86\u89e3\uff0c\u8bf7\u60a8\u8054\u7cfb\u6211\u4eec\u6216\u8005\u7ea6\u4f1a\u3002\u6211\u4eec\u4e00\u8d77\u6765\u51b3\u5b9a\u5c5e\u4e8e\u60a8\u7684\u7434\u5f13\u3002<\/p>\n<div id=\"g1-divider-counter-1\" class=\"g1-divider g1-type-classic-2\"><\/div>\n","protected":false},"excerpt":{"rendered":"<p>J.F Daber\u5236\u5f13\u574a\u4e3a\u60a8\u63a8\u8350\u9ad8\u7ea7\u522b\u7684\u6728\u5f13\uff0c\u6700\u9ad8\u8d28\u91cf\u7684\u5df4\u897f\u82cf\u6728\u5236\u4f5c\u3002 \u5236\u4f5c\u9ad8\u7ea7\u522b\u7434\u5f13\u7684\u5df4\u897f\u82cf\u6728 \u5728\u4eca\u5929\u7684\u9ad8\u6863 [&hellip;]<\/p>\n","protected":false},"author":1,"featured_media":0,"parent":0,"menu_order":0,"comment_status":"closed","ping_status":"closed","template":"","meta":{"footnotes":""},"class_list":["post-2060","page","type-page","status-publish","hentry"],"yoast_head":"<!-- This site is optimized with the Yoast SEO plugin v25.5 - https:\/\/yoast.com\/wordpress\/plugins\/seo\/ -->\n<title>\u5df4\u897f\u82cf\u6728\u7434\u5f13\u7cfb\u5217 - Jean-Fran\u00e7ois Daber<\/title>\n<meta name=\"robots\" content=\"index, follow, max-snippet:-1, max-image-preview:large, max-video-preview:-1\" \/>\n<link rel=\"canonical\" href=\"https:\/\/www.jfdaber.com\/zh-hans\/pernambuco-bows\/\" \/>\n<meta property=\"og:locale\" content=\"zh_CN\" \/>\n<meta property=\"og:type\" content=\"article\" \/>\n<meta property=\"og:title\" content=\"\u5df4\u897f\u82cf\u6728\u7434\u5f13\u7cfb\u5217 - Jean-Fran\u00e7ois Daber\" \/>\n<meta property=\"og:description\" content=\"J.F Daber\u5236\u5f13\u574a\u4e3a\u60a8\u63a8\u8350\u9ad8\u7ea7\u522b\u7684\u6728\u5f13\uff0c\u6700\u9ad8\u8d28\u91cf\u7684\u5df4\u897f\u82cf\u6728\u5236\u4f5c\u3002 \u5236\u4f5c\u9ad8\u7ea7\u522b\u7434\u5f13\u7684\u5df4\u897f\u82cf\u6728 \u5728\u4eca\u5929\u7684\u9ad8\u6863 [&hellip;]\" \/>\n<meta property=\"og:url\" content=\"https:\/\/www.jfdaber.com\/zh-hans\/pernambuco-bows\/\" \/>\n<meta property=\"og:site_name\" content=\"Jean-Fran\u00e7ois Daber\" \/>\n<meta property=\"article:publisher\" content=\"https:\/\/www.facebook.com\/jfdaber\" \/>\n<meta property=\"article:modified_time\" content=\"2016-10-17T20:50:32+00:00\" \/>\n<meta name=\"twitter:card\" content=\"summary_large_image\" \/>\n<meta name=\"twitter:label1\" content=\"\u9884\u8ba1\u9605\u8bfb\u65f6\u95f4\" \/>\n\t<meta name=\"twitter:data1\" content=\"1 \u5206\" \/>\n<script type=\"application\/ld+json\" class=\"yoast-schema-graph\">{\"@context\":\"https:\/\/schema.org\",\"@graph\":[{\"@type\":\"WebPage\",\"@id\":\"https:\/\/www.jfdaber.com\/zh-hans\/pernambuco-bows\/\",\"url\":\"https:\/\/www.jfdaber.com\/zh-hans\/pernambuco-bows\/\",\"name\":\"\u5df4\u897f\u82cf\u6728\u7434\u5f13\u7cfb\u5217 - Jean-Fran\u00e7ois Daber\",\"isPartOf\":{\"@id\":\"https:\/\/www.jfdaber.com\/#website\"},\"datePublished\":\"2016-06-14T14:23:55+00:00\",\"dateModified\":\"2016-10-17T20:50:32+00:00\",\"breadcrumb\":{\"@id\":\"https:\/\/www.jfdaber.com\/zh-hans\/pernambuco-bows\/#breadcrumb\"},\"inLanguage\":\"zh-Hans\",\"potentialAction\":[{\"@type\":\"ReadAction\",\"target\":[\"https:\/\/www.jfdaber.com\/zh-hans\/pernambuco-bows\/\"]}]},{\"@type\":\"BreadcrumbList\",\"@id\":\"https:\/\/www.jfdaber.com\/zh-hans\/pernambuco-bows\/#breadcrumb\",\"itemListElement\":[{\"@type\":\"ListItem\",\"position\":1,\"name\":\"Accueil\",\"item\":\"https:\/\/www.jfdaber.com\/zh-hans\/\"},{\"@type\":\"ListItem\",\"position\":2,\"name\":\"\u5df4\u897f\u82cf\u6728\u7434\u5f13\u7cfb\u5217\"}]},{\"@type\":\"WebSite\",\"@id\":\"https:\/\/www.jfdaber.com\/#website\",\"url\":\"https:\/\/www.jfdaber.com\/\",\"name\":\"Jean-Fran\u00e7ois Daber\",\"description\":\"La qu\u00eate du son\",\"publisher\":{\"@id\":\"https:\/\/www.jfdaber.com\/#organization\"},\"potentialAction\":[{\"@type\":\"SearchAction\",\"target\":{\"@type\":\"EntryPoint\",\"urlTemplate\":\"https:\/\/www.jfdaber.com\/?s={search_term_string}\"},\"query-input\":{\"@type\":\"PropertyValueSpecification\",\"valueRequired\":true,\"valueName\":\"search_term_string\"}}],\"inLanguage\":\"zh-Hans\"},{\"@type\":\"Organization\",\"@id\":\"https:\/\/www.jfdaber.com\/#organization\",\"name\":\"Jean-Fran\u00e7ois Daber\",\"url\":\"https:\/\/www.jfdaber.com\/\",\"logo\":{\"@type\":\"ImageObject\",\"inLanguage\":\"zh-Hans\",\"@id\":\"https:\/\/www.jfdaber.com\/#\/schema\/logo\/image\/\",\"url\":\"https:\/\/www.jfdaber.com\/wp-content\/uploads\/2016\/06\/logo_daber_deskop.png\",\"contentUrl\":\"https:\/\/www.jfdaber.com\/wp-content\/uploads\/2016\/06\/logo_daber_deskop.png\",\"width\":600,\"height\":154,\"caption\":\"Jean-Fran\u00e7ois Daber\"},\"image\":{\"@id\":\"https:\/\/www.jfdaber.com\/#\/schema\/logo\/image\/\"},\"sameAs\":[\"https:\/\/www.facebook.com\/jfdaber\"]}]}<\/script>\n<!-- \/ Yoast SEO plugin. -->","yoast_head_json":{"title":"\u5df4\u897f\u82cf\u6728\u7434\u5f13\u7cfb\u5217 - Jean-Fran\u00e7ois Daber","robots":{"index":"index","follow":"follow","max-snippet":"max-snippet:-1","max-image-preview":"max-image-preview:large","max-video-preview":"max-video-preview:-1"},"canonical":"https:\/\/www.jfdaber.com\/zh-hans\/pernambuco-bows\/","og_locale":"zh_CN","og_type":"article","og_title":"\u5df4\u897f\u82cf\u6728\u7434\u5f13\u7cfb\u5217 - Jean-Fran\u00e7ois Daber","og_description":"J.F Daber\u5236\u5f13\u574a\u4e3a\u60a8\u63a8\u8350\u9ad8\u7ea7\u522b\u7684\u6728\u5f13\uff0c\u6700\u9ad8\u8d28\u91cf\u7684\u5df4\u897f\u82cf\u6728\u5236\u4f5c\u3002 \u5236\u4f5c\u9ad8\u7ea7\u522b\u7434\u5f13\u7684\u5df4\u897f\u82cf\u6728 \u5728\u4eca\u5929\u7684\u9ad8\u6863 [&hellip;]","og_url":"https:\/\/www.jfdaber.com\/zh-hans\/pernambuco-bows\/","og_site_name":"Jean-Fran\u00e7ois Daber","article_publisher":"https:\/\/www.facebook.com\/jfdaber","article_modified_time":"2016-10-17T20:50:32+00:00","twitter_card":"summary_large_image","twitter_misc":{"\u9884\u8ba1\u9605\u8bfb\u65f6\u95f4":"1 \u5206"},"schema":{"@context":"https:\/\/schema.org","@graph":[{"@type":"WebPage","@id":"https:\/\/www.jfdaber.com\/zh-hans\/pernambuco-bows\/","url":"https:\/\/www.jfdaber.com\/zh-hans\/pernambuco-bows\/","name":"\u5df4\u897f\u82cf\u6728\u7434\u5f13\u7cfb\u5217 - Jean-Fran\u00e7ois Daber","isPartOf":{"@id":"https:\/\/www.jfdaber.com\/#website"},"datePublished":"2016-06-14T14:23:55+00:00","dateModified":"2016-10-17T20:50:32+00:00","breadcrumb":{"@id":"https:\/\/www.jfdaber.com\/zh-hans\/pernambuco-bows\/#breadcrumb"},"inLanguage":"zh-Hans","potentialAction":[{"@type":"ReadAction","target":["https:\/\/www.jfdaber.com\/zh-hans\/pernambuco-bows\/"]}]},{"@type":"BreadcrumbList","@id":"https:\/\/www.jfdaber.com\/zh-hans\/pernambuco-bows\/#breadcrumb","itemListElement":[{"@type":"ListItem","position":1,"name":"Accueil","item":"https:\/\/www.jfdaber.com\/zh-hans\/"},{"@type":"ListItem","position":2,"name":"\u5df4\u897f\u82cf\u6728\u7434\u5f13\u7cfb\u5217"}]},{"@type":"WebSite","@id":"https:\/\/www.jfdaber.com\/#website","url":"https:\/\/www.jfdaber.com\/","name":"Jean-Fran\u00e7ois Daber","description":"La qu\u00eate du son","publisher":{"@id":"https:\/\/www.jfdaber.com\/#organization"},"potentialAction":[{"@type":"SearchAction","target":{"@type":"EntryPoint","urlTemplate":"https:\/\/www.jfdaber.com\/?s={search_term_string}"},"query-input":{"@type":"PropertyValueSpecification","valueRequired":true,"valueName":"search_term_string"}}],"inLanguage":"zh-Hans"},{"@type":"Organization","@id":"https:\/\/www.jfdaber.com\/#organization","name":"Jean-Fran\u00e7ois Daber","url":"https:\/\/www.jfdaber.com\/","logo":{"@type":"ImageObject","inLanguage":"zh-Hans","@id":"https:\/\/www.jfdaber.com\/#\/schema\/logo\/image\/","url":"https:\/\/www.jfdaber.com\/wp-content\/uploads\/2016\/06\/logo_daber_deskop.png","contentUrl":"https:\/\/www.jfdaber.com\/wp-content\/uploads\/2016\/06\/logo_daber_deskop.png","width":600,"height":154,"caption":"Jean-Fran\u00e7ois Daber"},"image":{"@id":"https:\/\/www.jfdaber.com\/#\/schema\/logo\/image\/"},"sameAs":["https:\/\/www.facebook.com\/jfdaber"]}]}},"_links":{"self":[{"href":"https:\/\/www.jfdaber.com\/zh-hans\/wp-json\/wp\/v2\/pages\/2060","targetHints":{"allow":["GET"]}}],"collection":[{"href":"https:\/\/www.jfdaber.com\/zh-hans\/wp-json\/wp\/v2\/pages"}],"about":[{"href":"https:\/\/www.jfdaber.com\/zh-hans\/wp-json\/wp\/v2\/types\/page"}],"author":[{"embeddable":true,"href":"https:\/\/www.jfdaber.com\/zh-hans\/wp-json\/wp\/v2\/users\/1"}],"replies":[{"embeddable":true,"href":"https:\/\/www.jfdaber.com\/zh-hans\/wp-json\/wp\/v2\/comments?post=2060"}],"version-history":[{"count":4,"href":"https:\/\/www.jfdaber.com\/zh-hans\/wp-json\/wp\/v2\/pages\/2060\/revisions"}],"predecessor-version":[{"id":2152,"href":"https:\/\/www.jfdaber.com\/zh-hans\/wp-json\/wp\/v2\/pages\/2060\/revisions\/2152"}],"wp:attachment":[{"href":"https:\/\/www.jfdaber.com\/zh-hans\/wp-json\/wp\/v2\/media?parent=2060"}],"curies":[{"name":"wp","href":"https:\/\/api.w.org\/{rel}","templated":true}]}}