{"id":2063,"date":"2016-06-14T15:24:06","date_gmt":"2016-06-14T14:24:06","guid":{"rendered":"https:\/\/www.jfdaber.com\/zh-hans\/?page_id=2063"},"modified":"2016-10-17T21:50:56","modified_gmt":"2016-10-17T20:50:56","slug":"double-bass-hybrid-bows","status":"publish","type":"page","link":"https:\/\/www.jfdaber.com\/zh-hans\/double-bass-hybrid-bows\/","title":{"rendered":"\u4f4e\u97f3\u63d0\u7434\u5f13"},"content":{"rendered":"<p>\u6211\u4eec\u63d0\u4f9b\u4e00\u4e2a\u5b8c\u6574\u7cfb\u5217\u7684\u4f4e\u97f3\u63d0\u7434\u6df7\u5408\u5f13\uff0c\u6cd5\u5f0f\u548c\u5fb7\u5f0f\u3002\u624b\u5de5\u5236\u4f5c\uff0c\u91c7\u7528\u6df7\u5408\u6750\u6599\u7684\u58f0\u5b66\u5c3e\u5e93\uff0c\u820d\u5f03\u91d1\u5c5e\u6ed1\u69fd\uff0c\u65e0\u8bba\u4ece\u529f\u80fd\u4e0a\u8fd8\u662f\u58f0\u5b66\u4e0a\u90fd\u4f18\u4e8e\u4e4c\u6728\u5c3e\u5e93\u3002<\/p>\n<p>\u5f13\u574a\u7434\u5f13<br \/>\n\u76d6\u6709JF Daber \u2013 WK \u5370\u8bb0\uff0c\u91c7\u7528\u767d\u94dc\u58f0\u5b66\u5c3e\u5e93\u3002\u8fd9\u6b3e\u7434\u5f13\u80fd\u8ba9\u624b\u611f\u81ea\u5982\uff0c\u97f3\u8d28\u6539\u5584\uff0c\u4e2d\u7b49\u7684\u7075\u654f\u5ea6\u9002\u5408\u97f3\u4e50\u5b66\u9662\u5b66\u751f\u548c\u7231\u597d\u8005\u3002<\/p>\n<p>Col \u7434\u5f13<br \/>\n\u76d6\u6709JF Daber \u2013 Col \u5370\u8bb0\uff0c\u91c7\u7528\u767d\u94f6\u58f0\u5b66\u5c3e\u5e93\u3002\u8fd9\u6b3e\u7434\u5f13\u58f0\u5b66\u529f\u80fd\u5b8c\u5584\uff0c\u80fd\u8c03\u6574\u53d1\u58f0\uff0c\u7075\u654f\u5ea6\u9002\u5408\u4f18\u79c0\u7684\u5b66\u9662\u5b66\u751f\u3002<\/p>\n<p>\u5927\u5e08\u7434\u5f13<br \/>\n\u76d6\u6709JF Daber \u2013 MS \u5370\u8bb0\uff0c\u91c7\u7528\u767d\u94f6\u58f0\u5b66\u5c3e\u5e93\u3002\u8fd9\u6b3e\u7434\u5f13\u58f0\u5b66\u529f\u80fd\u6770\u51fa\uff0c\u80fd\u8ba9\u97f3\u4e50\u5bb6\u4eec\u5b8c\u5168\u638c\u63a7\u58f0\u97f3\u3002\u7075\u654f\u5ea6\u9002\u5408\u72ec\u594f\u5bb6\u3002<\/p>\n<ul class=\"g1-grid\"><li class=\"g1-column g1-one-half g1-valign-top\" id=\"g1-grid-counter-0\" >\n<p><span id=\"g1-frame-counter-1\" class=\"g1-frame g1-type-geometric-5\">\n\t<span class=\"g1-decorator\">\n\t\t<span class=\"g1-outer\">\n\t\t\t<span class=\"g1-inner\">\n\t\t\t\t<img loading=\"lazy\" decoding=\"async\" src=\"\/wp-content\/uploads\/2016\/06\/cbf-h-head-origine_m2_b.jpg\" alt=\"Archet hybride contrebasse fran\u00e7aise sign\u00e9 JF Daber \u00e0 Lyon\" width=\"586\" height=\"259\" \/>\n\t\t\t\t<span class=\"g1-indicator g1-type-document\"><span><\/span><span><\/span><\/span>\n\t\t\t<\/span>\t\t\t<span class=\"g1-01\"><\/span><span class=\"g1-02\"><\/span><span class=\"g1-03\"><\/span><span class=\"g1-04\"><\/span><span class=\"g1-05\"><\/span><span class=\"g1-06\"><\/span><span class=\"g1-07\"><\/span><span class=\"g1-08\"><\/span>\n\t\t<\/span>\n\t<\/span>\n<\/span><br \/>\n<\/li><!-- --><li class=\"g1-column g1-one-half g1-valign-top\" id=\"g1-grid-counter-1\" >\n<span id=\"g1-frame-counter-2\" class=\"g1-frame g1-type-geometric-5\">\n\t<span class=\"g1-decorator\">\n\t\t<span class=\"g1-outer\">\n\t\t\t<span class=\"g1-inner\">\n\t\t\t\t<img loading=\"lazy\" decoding=\"async\" src=\"\/wp-content\/uploads\/2016\/06\/french-bass-frog.jpg\" alt=\"Archet hybride contrebasse fran\u00e7aise sign\u00e9 JF Daber \u00e0 Lyon\" width=\"586\" height=\"259\" \/>\n\t\t\t\t<span class=\"g1-indicator g1-type-document\"><span><\/span><span><\/span><\/span>\n\t\t\t<\/span>\t\t\t<span class=\"g1-01\"><\/span><span class=\"g1-02\"><\/span><span class=\"g1-03\"><\/span><span class=\"g1-04\"><\/span><span class=\"g1-05\"><\/span><span class=\"g1-06\"><\/span><span class=\"g1-07\"><\/span><span class=\"g1-08\"><\/span>\n\t\t<\/span>\n\t<\/span>\n<\/span>\n<\/li><!-- --><\/ul>\n<h3 style=\"margin-top: 25px;\">Botond Kostyak \u2013 \u91cc\u6602\u56fd\u5bb6\u4e50\u56e2\u4f4e\u97f3\u63d0\u7434\u72ec\u594f\u5bb6<\/h3>\n<span id=\"g1-frame-counter-3\" class=\"g1-frame g1-type-geometric-5\">\n\t<span class=\"g1-decorator\">\n\t\t<span class=\"g1-outer\">\n\t\t\t<span class=\"g1-inner\">\n\t\t\t\t\n<p><div id=\"g1-fluid-wrapper-counter-1\" class=\"g1-fluid-wrapper\" style=\"width:686px;\"><div style=\"padding-bottom:56.268221574344%;\"><iframe loading=\"lazy\" width=\"686\" height=\"386\" src=\"https:\/\/www.youtube.com\/embed\/PMzhPfPkjYM?feature=oembed&#038;autohide=2&#038;autoplay=0&#038;controls=1&#038;disablekb=0&#038;fs=1&#038;loop=0&#038;rel=0&#038;showinfo=0&#038;wmode=transparent&#038;enablejsapi=1\" frameborder=\"0\" allowfullscreen><\/iframe><\/div><\/div><\/p>\n\n\t\t\t\t<span class=\"g1-indicator g1-type-document\"><span><\/span><span><\/span><\/span>\n\t\t\t<\/span>\t\t\t<span class=\"g1-01\"><\/span><span class=\"g1-02\"><\/span><span class=\"g1-03\"><\/span><span class=\"g1-04\"><\/span><span class=\"g1-05\"><\/span><span class=\"g1-06\"><\/span><span class=\"g1-07\"><\/span><span class=\"g1-08\"><\/span>\n\t\t<\/span>\n\t<\/span>\n<\/span>\n<div id=\"g1-divider-counter-1\" class=\"g1-divider g1-type-classic-2\"><\/div>\n","protected":false},"excerpt":{"rendered":"<p>\u6211\u4eec\u63d0\u4f9b\u4e00\u4e2a\u5b8c\u6574\u7cfb\u5217\u7684\u4f4e\u97f3\u63d0\u7434\u6df7\u5408\u5f13\uff0c\u6cd5\u5f0f\u548c\u5fb7\u5f0f\u3002\u624b\u5de5\u5236\u4f5c\uff0c\u91c7\u7528\u6df7\u5408\u6750\u6599\u7684\u58f0\u5b66\u5c3e\u5e93\uff0c\u820d\u5f03\u91d1\u5c5e\u6ed1\u69fd\uff0c\u65e0\u8bba\u4ece\u529f\u80fd\u4e0a [&hellip;]<\/p>\n","protected":false},"author":1,"featured_media":0,"parent":0,"menu_order":0,"comment_status":"closed","ping_status":"closed","template":"","meta":{"footnotes":""},"class_list":["post-2063","page","type-page","status-publish","hentry"],"yoast_head":"<!-- This site is optimized with the Yoast SEO plugin v25.5 - https:\/\/yoast.com\/wordpress\/plugins\/seo\/ -->\n<title>\u4f4e\u97f3\u63d0\u7434\u5f13 - Jean-Fran\u00e7ois Daber<\/title>\n<meta name=\"robots\" content=\"index, follow, max-snippet:-1, max-image-preview:large, max-video-preview:-1\" \/>\n<link rel=\"canonical\" href=\"https:\/\/www.jfdaber.com\/zh-hans\/double-bass-hybrid-bows\/\" \/>\n<meta property=\"og:locale\" content=\"zh_CN\" \/>\n<meta property=\"og:type\" content=\"article\" \/>\n<meta property=\"og:title\" content=\"\u4f4e\u97f3\u63d0\u7434\u5f13 - Jean-Fran\u00e7ois Daber\" \/>\n<meta property=\"og:description\" content=\"\u6211\u4eec\u63d0\u4f9b\u4e00\u4e2a\u5b8c\u6574\u7cfb\u5217\u7684\u4f4e\u97f3\u63d0\u7434\u6df7\u5408\u5f13\uff0c\u6cd5\u5f0f\u548c\u5fb7\u5f0f\u3002\u624b\u5de5\u5236\u4f5c\uff0c\u91c7\u7528\u6df7\u5408\u6750\u6599\u7684\u58f0\u5b66\u5c3e\u5e93\uff0c\u820d\u5f03\u91d1\u5c5e\u6ed1\u69fd\uff0c\u65e0\u8bba\u4ece\u529f\u80fd\u4e0a [&hellip;]\" \/>\n<meta property=\"og:url\" content=\"https:\/\/www.jfdaber.com\/zh-hans\/double-bass-hybrid-bows\/\" \/>\n<meta property=\"og:site_name\" content=\"Jean-Fran\u00e7ois Daber\" \/>\n<meta property=\"article:publisher\" content=\"https:\/\/www.facebook.com\/jfdaber\" \/>\n<meta property=\"article:modified_time\" content=\"2016-10-17T20:50:56+00:00\" \/>\n<meta name=\"twitter:card\" content=\"summary_large_image\" \/>\n<script type=\"application\/ld+json\" class=\"yoast-schema-graph\">{\"@context\":\"https:\/\/schema.org\",\"@graph\":[{\"@type\":\"WebPage\",\"@id\":\"https:\/\/www.jfdaber.com\/zh-hans\/double-bass-hybrid-bows\/\",\"url\":\"https:\/\/www.jfdaber.com\/zh-hans\/double-bass-hybrid-bows\/\",\"name\":\"\u4f4e\u97f3\u63d0\u7434\u5f13 - Jean-Fran\u00e7ois Daber\",\"isPartOf\":{\"@id\":\"https:\/\/www.jfdaber.com\/#website\"},\"datePublished\":\"2016-06-14T14:24:06+00:00\",\"dateModified\":\"2016-10-17T20:50:56+00:00\",\"breadcrumb\":{\"@id\":\"https:\/\/www.jfdaber.com\/zh-hans\/double-bass-hybrid-bows\/#breadcrumb\"},\"inLanguage\":\"zh-Hans\",\"potentialAction\":[{\"@type\":\"ReadAction\",\"target\":[\"https:\/\/www.jfdaber.com\/zh-hans\/double-bass-hybrid-bows\/\"]}]},{\"@type\":\"BreadcrumbList\",\"@id\":\"https:\/\/www.jfdaber.com\/zh-hans\/double-bass-hybrid-bows\/#breadcrumb\",\"itemListElement\":[{\"@type\":\"ListItem\",\"position\":1,\"name\":\"Accueil\",\"item\":\"https:\/\/www.jfdaber.com\/zh-hans\/\"},{\"@type\":\"ListItem\",\"position\":2,\"name\":\"\u4f4e\u97f3\u63d0\u7434\u5f13\"}]},{\"@type\":\"WebSite\",\"@id\":\"https:\/\/www.jfdaber.com\/#website\",\"url\":\"https:\/\/www.jfdaber.com\/\",\"name\":\"Jean-Fran\u00e7ois Daber\",\"description\":\"La qu\u00eate du son\",\"publisher\":{\"@id\":\"https:\/\/www.jfdaber.com\/#organization\"},\"potentialAction\":[{\"@type\":\"SearchAction\",\"target\":{\"@type\":\"EntryPoint\",\"urlTemplate\":\"https:\/\/www.jfdaber.com\/?s={search_term_string}\"},\"query-input\":{\"@type\":\"PropertyValueSpecification\",\"valueRequired\":true,\"valueName\":\"search_term_string\"}}],\"inLanguage\":\"zh-Hans\"},{\"@type\":\"Organization\",\"@id\":\"https:\/\/www.jfdaber.com\/#organization\",\"name\":\"Jean-Fran\u00e7ois Daber\",\"url\":\"https:\/\/www.jfdaber.com\/\",\"logo\":{\"@type\":\"ImageObject\",\"inLanguage\":\"zh-Hans\",\"@id\":\"https:\/\/www.jfdaber.com\/#\/schema\/logo\/image\/\",\"url\":\"https:\/\/www.jfdaber.com\/wp-content\/uploads\/2016\/06\/logo_daber_deskop.png\",\"contentUrl\":\"https:\/\/www.jfdaber.com\/wp-content\/uploads\/2016\/06\/logo_daber_deskop.png\",\"width\":600,\"height\":154,\"caption\":\"Jean-Fran\u00e7ois Daber\"},\"image\":{\"@id\":\"https:\/\/www.jfdaber.com\/#\/schema\/logo\/image\/\"},\"sameAs\":[\"https:\/\/www.facebook.com\/jfdaber\"]}]}<\/script>\n<!-- \/ Yoast SEO plugin. -->","yoast_head_json":{"title":"\u4f4e\u97f3\u63d0\u7434\u5f13 - Jean-Fran\u00e7ois Daber","robots":{"index":"index","follow":"follow","max-snippet":"max-snippet:-1","max-image-preview":"max-image-preview:large","max-video-preview":"max-video-preview:-1"},"canonical":"https:\/\/www.jfdaber.com\/zh-hans\/double-bass-hybrid-bows\/","og_locale":"zh_CN","og_type":"article","og_title":"\u4f4e\u97f3\u63d0\u7434\u5f13 - Jean-Fran\u00e7ois Daber","og_description":"\u6211\u4eec\u63d0\u4f9b\u4e00\u4e2a\u5b8c\u6574\u7cfb\u5217\u7684\u4f4e\u97f3\u63d0\u7434\u6df7\u5408\u5f13\uff0c\u6cd5\u5f0f\u548c\u5fb7\u5f0f\u3002\u624b\u5de5\u5236\u4f5c\uff0c\u91c7\u7528\u6df7\u5408\u6750\u6599\u7684\u58f0\u5b66\u5c3e\u5e93\uff0c\u820d\u5f03\u91d1\u5c5e\u6ed1\u69fd\uff0c\u65e0\u8bba\u4ece\u529f\u80fd\u4e0a [&hellip;]","og_url":"https:\/\/www.jfdaber.com\/zh-hans\/double-bass-hybrid-bows\/","og_site_name":"Jean-Fran\u00e7ois Daber","article_publisher":"https:\/\/www.facebook.com\/jfdaber","article_modified_time":"2016-10-17T20:50:56+00:00","twitter_card":"summary_large_image","schema":{"@context":"https:\/\/schema.org","@graph":[{"@type":"WebPage","@id":"https:\/\/www.jfdaber.com\/zh-hans\/double-bass-hybrid-bows\/","url":"https:\/\/www.jfdaber.com\/zh-hans\/double-bass-hybrid-bows\/","name":"\u4f4e\u97f3\u63d0\u7434\u5f13 - Jean-Fran\u00e7ois Daber","isPartOf":{"@id":"https:\/\/www.jfdaber.com\/#website"},"datePublished":"2016-06-14T14:24:06+00:00","dateModified":"2016-10-17T20:50:56+00:00","breadcrumb":{"@id":"https:\/\/www.jfdaber.com\/zh-hans\/double-bass-hybrid-bows\/#breadcrumb"},"inLanguage":"zh-Hans","potentialAction":[{"@type":"ReadAction","target":["https:\/\/www.jfdaber.com\/zh-hans\/double-bass-hybrid-bows\/"]}]},{"@type":"BreadcrumbList","@id":"https:\/\/www.jfdaber.com\/zh-hans\/double-bass-hybrid-bows\/#breadcrumb","itemListElement":[{"@type":"ListItem","position":1,"name":"Accueil","item":"https:\/\/www.jfdaber.com\/zh-hans\/"},{"@type":"ListItem","position":2,"name":"\u4f4e\u97f3\u63d0\u7434\u5f13"}]},{"@type":"WebSite","@id":"https:\/\/www.jfdaber.com\/#website","url":"https:\/\/www.jfdaber.com\/","name":"Jean-Fran\u00e7ois Daber","description":"La qu\u00eate du son","publisher":{"@id":"https:\/\/www.jfdaber.com\/#organization"},"potentialAction":[{"@type":"SearchAction","target":{"@type":"EntryPoint","urlTemplate":"https:\/\/www.jfdaber.com\/?s={search_term_string}"},"query-input":{"@type":"PropertyValueSpecification","valueRequired":true,"valueName":"search_term_string"}}],"inLanguage":"zh-Hans"},{"@type":"Organization","@id":"https:\/\/www.jfdaber.com\/#organization","name":"Jean-Fran\u00e7ois Daber","url":"https:\/\/www.jfdaber.com\/","logo":{"@type":"ImageObject","inLanguage":"zh-Hans","@id":"https:\/\/www.jfdaber.com\/#\/schema\/logo\/image\/","url":"https:\/\/www.jfdaber.com\/wp-content\/uploads\/2016\/06\/logo_daber_deskop.png","contentUrl":"https:\/\/www.jfdaber.com\/wp-content\/uploads\/2016\/06\/logo_daber_deskop.png","width":600,"height":154,"caption":"Jean-Fran\u00e7ois Daber"},"image":{"@id":"https:\/\/www.jfdaber.com\/#\/schema\/logo\/image\/"},"sameAs":["https:\/\/www.facebook.com\/jfdaber"]}]}},"_links":{"self":[{"href":"https:\/\/www.jfdaber.com\/zh-hans\/wp-json\/wp\/v2\/pages\/2063","targetHints":{"allow":["GET"]}}],"collection":[{"href":"https:\/\/www.jfdaber.com\/zh-hans\/wp-json\/wp\/v2\/pages"}],"about":[{"href":"https:\/\/www.jfdaber.com\/zh-hans\/wp-json\/wp\/v2\/types\/page"}],"author":[{"embeddable":true,"href":"https:\/\/www.jfdaber.com\/zh-hans\/wp-json\/wp\/v2\/users\/1"}],"replies":[{"embeddable":true,"href":"https:\/\/www.jfdaber.com\/zh-hans\/wp-json\/wp\/v2\/comments?post=2063"}],"version-history":[{"count":4,"href":"https:\/\/www.jfdaber.com\/zh-hans\/wp-json\/wp\/v2\/pages\/2063\/revisions"}],"predecessor-version":[{"id":2155,"href":"https:\/\/www.jfdaber.com\/zh-hans\/wp-json\/wp\/v2\/pages\/2063\/revisions\/2155"}],"wp:attachment":[{"href":"https:\/\/www.jfdaber.com\/zh-hans\/wp-json\/wp\/v2\/media?parent=2063"}],"curies":[{"name":"wp","href":"https:\/\/api.w.org\/{rel}","templated":true}]}}